{"id":601,"date":"2025-02-10T14:51:31","date_gmt":"2025-02-10T13:51:31","guid":{"rendered":"https:\/\/ceres.srl\/?page_id=601"},"modified":"2026-02-11T16:02:20","modified_gmt":"2026-02-11T15:02:20","slug":"grow-bag","status":"publish","type":"page","link":"https:\/\/ceres.srl\/fr\/product\/coco-coir-products\/grow-bag\/","title":{"rendered":"Grow Bag"},"content":{"rendered":"<p style=\"text-align: justify;\">Nos sacs de coco sont con\u00e7us pour fournir une exc\u00e9llente a\u00e9ration et retention d'eau. Ce substrat naturel et organique est convenable pour une vari\u00e9t\u00e9 de cultures telles que <strong>la tomate, le poivron, le concombre, la fraise...<\/strong> .<\/p>\n<h3><span style=\"font-family: var(--pagelayer-font-text-font-family); font-size: var(--pagelayer-font-text-font-size);\"><u>Dimensions \u00e9largies<\/u><\/span><\/h3>\n<ul><li><strong style=\"font-family: var(--pagelayer-font-text-font-family); font-size: var(--pagelayer-font-text-font-size);\">Longeur :<\/strong><span style=\"font-family: var(--pagelayer-font-text-font-family); font-size: var(--pagelayer-font-text-font-size); font-weight: var(--pagelayer-font-text-font-weight);\"> 100 cm<\/span><\/li><li><strong style=\"font-family: var(--pagelayer-font-text-font-family); font-size: var(--pagelayer-font-text-font-size);\">Largeur :<\/strong><span style=\"font-family: var(--pagelayer-font-text-font-family); font-size: var(--pagelayer-font-text-font-size); font-weight: var(--pagelayer-font-text-font-weight);\"> Disponible en 15 cm, 18 cm, ou 20 cm<\/span><\/li><li><strong style=\"font-family: var(--pagelayer-font-text-font-family); font-size: var(--pagelayer-font-text-font-size);\">Hauteur :<\/strong><span style=\"font-family: var(--pagelayer-font-text-font-family); font-size: var(--pagelayer-font-text-font-size); font-weight: var(--pagelayer-font-text-font-weight);\"> Disponible en 12 cm, 14 cm, ou 16 cm<\/span><\/li><ul>\n<\/ul>\n\n<\/ul><p><br><\/p>\n\n\n\n\n\n\n\n\n<table id=\"tablepress-3\" class=\"tablepress tablepress-id-3 th background-color: ff0000 Rouge tbody-has-connected-cells\">\n<thead>\n<tr class=\"row-1\">\n\t<th colspan=\"2\" class=\"column-1\">% M\u00e9lange Mat\u00e9riel<\/th><th class=\"column-3\">100% Fibres de Coco<\/th><th class=\"column-4\">80% Fibres de Coco<br \/>\n20%  Chips de Coco<\/th><th class=\"column-5\">50% Fibres de Coco<br \/>\n50%  Chips de Coco<br \/>\n<\/th><th class=\"column-6\">30% Fibres de Coco <br \/>\n70% Coco Chips<\/th><th class=\"column-7\">100% Chips de Coco<\/th>\n<\/tr>\n<\/thead>\n<tbody class=\"row-striping row-hover\">\n<tr class=\"row-2\">\n\t<td rowspan=\"2\" class=\"column-1\">Fait avec 100% Fibres de Coco<\/td><td class=\"column-2\">Capacit\u00e9 de Retention d'Eau<\/td><td class=\"column-3\">7.32 5 (L\/Kg)<\/td><td class=\"column-4\"><\/td><td class=\"column-5\"><\/td><td class=\"column-6\"><\/td><td class=\"column-7\"><\/td>\n<\/tr>\n<tr class=\"row-3\">\n\t<td class=\"column-2\">Porosit\u00e9<\/td><td class=\"column-3\">5 - 7%<\/td><td class=\"column-4\"><\/td><td class=\"column-5\"><\/td><td class=\"column-6\"><\/td><td class=\"column-7\"><\/td>\n<\/tr>\n<tr class=\"row-4\">\n\t<td rowspan=\"2\" class=\"column-1\">Fait avec 10 - 12 mm Chips de Coco &amp; Fibres de Coco<\/td><td class=\"column-2\">Capacit\u00e9 de Retention d'Eau<\/td><td class=\"column-3\"><\/td><td class=\"column-4\">7.345 (L\/Kg)<\/td><td class=\"column-5\">5.82 (L\/Kg)<\/td><td class=\"column-6\">5.52 (L\/Kg)<\/td><td class=\"column-7\">4.92 (L\/Kg)<\/td>\n<\/tr>\n<tr class=\"row-5\">\n\t<td class=\"column-2\">Porosit\u00e9<\/td><td class=\"column-3\"><\/td><td class=\"column-4\">10 - 12%<\/td><td class=\"column-5\">22 - 24%<\/td><td class=\"column-6\">26 - 28%<\/td><td class=\"column-7\">38 - 40%<\/td>\n<\/tr>\n<tr class=\"row-6\">\n\t<td rowspan=\"2\" class=\"column-1\">Fait avec 7 - 8 mm Chips de Coco &amp; Fibres de Coco<\/td><td class=\"column-2\">Capacit\u00e9 de Retention d'Eau<\/td><td class=\"column-3\"><\/td><td class=\"column-4\">6.73 (L\/Kg)<\/td><td class=\"column-5\">5.66 (L\/Kg)<\/td><td class=\"column-6\">5.42 (L\/Kg)<\/td><td class=\"column-7\">4.77 (L\/Kg)<\/td>\n<\/tr>\n<tr class=\"row-7\">\n\t<td class=\"column-2\">Porosit\u00e9<\/td><td class=\"column-3\"><\/td><td class=\"column-4\">10 - 12%<\/td><td class=\"column-5\">21 - 22%<\/td><td class=\"column-6\">25 - 27%<\/td><td class=\"column-7\">30 - 32%<\/td>\n<\/tr>\n<\/tbody>\n<\/table>\n<!-- #tablepress-3 from cache -->","protected":false},"excerpt":{"rendered":"","protected":false},"author":2,"featured_media":0,"parent":549,"menu_order":0,"comment_status":"closed","ping_status":"closed","template":"","meta":{"_siteseo_robots_primary_cat":"","pagelayer_contact_templates":[],"_pagelayer_content":"","_themeisle_gutenberg_block_has_review":false,"footnotes":""},"class_list":["post-601","page","type-page","status-publish","hentry"],"jetpack_sharing_enabled":true,"_links":{"self":[{"href":"https:\/\/ceres.srl\/fr\/wp-json\/wp\/v2\/pages\/601","targetHints":{"allow":["GET"]}}],"collection":[{"href":"https:\/\/ceres.srl\/fr\/wp-json\/wp\/v2\/pages"}],"about":[{"href":"https:\/\/ceres.srl\/fr\/wp-json\/wp\/v2\/types\/page"}],"author":[{"embeddable":true,"href":"https:\/\/ceres.srl\/fr\/wp-json\/wp\/v2\/users\/2"}],"replies":[{"embeddable":true,"href":"https:\/\/ceres.srl\/fr\/wp-json\/wp\/v2\/comments?post=601"}],"version-history":[{"count":9,"href":"https:\/\/ceres.srl\/fr\/wp-json\/wp\/v2\/pages\/601\/revisions"}],"predecessor-version":[{"id":1194,"href":"https:\/\/ceres.srl\/fr\/wp-json\/wp\/v2\/pages\/601\/revisions\/1194"}],"up":[{"embeddable":true,"href":"https:\/\/ceres.srl\/fr\/wp-json\/wp\/v2\/pages\/549"}],"wp:attachment":[{"href":"https:\/\/ceres.srl\/fr\/wp-json\/wp\/v2\/media?parent=601"}],"curies":[{"name":"wp","href":"https:\/\/api.w.org\/{rel}","templated":true}]}}