{"id":265,"date":"2024-12-11T09:47:29","date_gmt":"2024-12-11T08:47:29","guid":{"rendered":"https:\/\/ceres.srl\/?page_id=265"},"modified":"2025-02-26T13:42:58","modified_gmt":"2025-02-26T13:42:58","slug":"ceres-at-ctt-apefel","status":"publish","type":"page","link":"https:\/\/ceres.srl\/fr\/ceres-at-ctt-apefel\/","title":{"rendered":"CERES \u00e0 CTT-APEFEL"},"content":{"rendered":"<h2>CERES \u00e0 CTT-APEFEL<\/h2>\n<h2><p class=\"MsoNormal\"><span style=\"font-size:14.0pt;line-height:107%\">Bienvenue au Centre de Transfert de Technologie (CTT), une initiative pionni\u00e8re \u00e9tablie par l'Association Marocaine des Producteurs et Producteurs - Exportateurs de Fruits et L\u00e9gumes (APEFEL). En tant que membre actif de cette association, nous exploitons une serre multichapelle de 0,5 hectare d\u00e9di\u00e9e \u00e0 l'avancement de l'innovation agricole.&nbsp;<o:p><\/o:p><\/span><span style=\"font-family: var(--pagelayer-font-text-font-family); font-size: 14pt; font-weight: var(--pagelayer-font-text-font-weight);\">\u00c0 travers des essais rigoureux et des recherches, nous nous effor\u00e7ons de partager nos d\u00e9couvertes avec d'autres producteurs, favorisant un environnement collaboratif qui promeut les meilleures pratiques et l'innovation dans le secteur agricole.<\/span><\/p><p class=\"MsoNormal\"><span style=\"font-size:14.0pt;line-height:107%\"><o:p><\/o:p><\/span><\/p><br><\/h2>\n\n\n\n\n\n\n\n\n<h2 style=\"color: #d82d19ff; font-family: Mulish; text-align: center; background-color: rgb(); font-size: var(--pagelayer-font-secondary-font-size) !important; font-weight: var(--pagelayer-font-primary-font-weight) !important; line-height: var(--pagelayer-font-secondary-line-height) !important;\">Axes de Recherche<\/h2>\n\n\n\n\n\n\n<p class=\"MsoNormal\" style=\"margin-left:3.0pt;text-indent:-18.0pt;mso-list:l0 level1 lfo1;tab-stops:list 36.0pt\"><span style=\"font-size:14.0pt;line-height:107%;mso-bidi-font-family:Calibri;mso-bidi-theme-font:minor-latin\"><span style=\"font-variant-numeric: normal; font-variant-east-asian: normal; font-variant-alternates: normal; font-size-adjust: none; font-kerning: auto; font-optical-sizing: auto; font-feature-settings: normal; font-variation-settings: normal; font-variant-position: normal; font-variant-emoji: normal; font-stretch: normal; font-size: 7pt; line-height: normal; font-family: &quot;Times New Roman&quot;;\">&nbsp; &nbsp;&nbsp;<\/span><\/span><!--[endif]--><span style=\"font-size:14.0pt;line-height:107%\">Nous testons un mod\u00e8le de pr\u00e9vision des rendements utilisant des cam\u00e9ras hyperspectrales et des capteurs climatiques pour d\u00e9terminer son applicabilit\u00e9 \u00e0 nos conditions locales. En \u00e9valuant ses performances, nous visons \u00e0 fournir aux producteurs locaux des pr\u00e9visions pr\u00e9cises des rendements de tomates. Cette initiative soutient non seulement les agriculteurs dans la prise de d\u00e9cisions \u00e9clair\u00e9es, mais encourage \u00e9galement l'adoption d'outils et de technologies agricoles avanc\u00e9s, favorisant l'innovation et am\u00e9liorant la productivit\u00e9 dans la r\u00e9gion.<o:p><\/o:p><\/span><\/p>\n<p class=\"MsoNormal\" style=\"margin-left:3.0pt;text-indent:-18.0pt;mso-list:l0 level1 lfo1;tab-stops:list 3.0pt\"><span style=\"font-size:14.0pt;line-height:107%;mso-bidi-font-family:Calibri;mso-bidi-theme-font:minor-latin\"><span style=\"font-variant-numeric: normal; font-variant-east-asian: normal; font-variant-alternates: normal; font-size-adjust: none; font-kerning: auto; font-optical-sizing: auto; font-feature-settings: normal; font-variation-settings: normal; font-variant-position: normal; font-variant-emoji: normal; font-stretch: normal; font-size: 7pt; line-height: normal; font-family: &quot;Times New Roman&quot;;\">&nbsp;<\/span><\/span><!--[endif]--><span style=\"font-size:14.0pt;line-height:107%\">Notre initiative de Recyclage des Solutions Nutritives vise \u00e0 minimiser les d\u00e9chets et \u00e0 optimiser l'utilisation des ressources dans les op\u00e9rations de serre. En mettant en \u0153uvre des syst\u00e8mes innovants de collecte et de d\u00e9sinfection du drainage, nous sommes en mesure de recycler les solutions nutritives, r\u00e9duisant ainsi le besoin en eau et en engrais. Cette approche durable r\u00e9duit non seulement les co\u00fbts op\u00e9rationnels, mais favorise \u00e9galement la responsabilit\u00e9 environnementale, garantissant des cultures plus saines et un avenir plus \u00e9cologique.<o:p><\/o:p><\/span><\/p>\n\n\n\n\n\n\n\n\n<h2 style=\"color: #d82d19ff; font-family: Mulish; text-align: center; background-color: rgb(); font-size: var(--pagelayer-font-secondary-font-size) !important; font-weight: var(--pagelayer-font-primary-font-weight) !important; line-height: var(--pagelayer-font-secondary-line-height) !important;\">Actualit\u00e9s R\u00e9centes<\/h2>\n\n\n\n\n\n\n\n\n<h2>07\/09\/2024<\/h2>\n<h2>CERES SRL lance une nouvelle saison au CTT APEFEL<\/h2>","protected":false},"excerpt":{"rendered":"","protected":false},"author":2,"featured_media":0,"parent":0,"menu_order":0,"comment_status":"closed","ping_status":"closed","template":"","meta":{"_siteseo_robots_primary_cat":"","pagelayer_contact_templates":[],"_pagelayer_content":"","_themeisle_gutenberg_block_has_review":false,"footnotes":""},"class_list":["post-265","page","type-page","status-publish","hentry"],"jetpack_sharing_enabled":true,"_links":{"self":[{"href":"https:\/\/ceres.srl\/fr\/wp-json\/wp\/v2\/pages\/265","targetHints":{"allow":["GET"]}}],"collection":[{"href":"https:\/\/ceres.srl\/fr\/wp-json\/wp\/v2\/pages"}],"about":[{"href":"https:\/\/ceres.srl\/fr\/wp-json\/wp\/v2\/types\/page"}],"author":[{"embeddable":true,"href":"https:\/\/ceres.srl\/fr\/wp-json\/wp\/v2\/users\/2"}],"replies":[{"embeddable":true,"href":"https:\/\/ceres.srl\/fr\/wp-json\/wp\/v2\/comments?post=265"}],"version-history":[{"count":34,"href":"https:\/\/ceres.srl\/fr\/wp-json\/wp\/v2\/pages\/265\/revisions"}],"predecessor-version":[{"id":877,"href":"https:\/\/ceres.srl\/fr\/wp-json\/wp\/v2\/pages\/265\/revisions\/877"}],"wp:attachment":[{"href":"https:\/\/ceres.srl\/fr\/wp-json\/wp\/v2\/media?parent=265"}],"curies":[{"name":"wp","href":"https:\/\/api.w.org\/{rel}","templated":true}]}}