{"id":1366,"date":"2026-05-05T16:14:31","date_gmt":"2026-05-05T15:14:31","guid":{"rendered":"https:\/\/ceres.srl\/?page_id=1366"},"modified":"2026-05-05T16:17:48","modified_gmt":"2026-05-05T15:17:48","slug":"weight-sensor","status":"publish","type":"page","link":"https:\/\/ceres.srl\/fr\/product\/sensors\/weight-sensor\/","title":{"rendered":"Capteur Poids du Substrat"},"content":{"rendered":"<h2>Capteur Poids du Substrat<\/h2>\n<p>Mesure le poids \u00e0 l\u2019aide d\u2019une cellule de charge de type crochet, id\u00e9ale pour les charges suspendues.\nAdapt\u00e9 aux environnements de serre pour surveiller la fluctuation de masse du substrat  li\u00e9e \u00e0 l\u2019irrigation.<\/p>\n\n<table id=\"tablepress-11\" class=\"tablepress tablepress-id-11\">\n<thead>\n<tr class=\"row-1\">\n\t<th colspan=\"2\" class=\"column-1\">Caract\u00e9ristiques<\/th>\n<\/tr>\n<\/thead>\n<tbody class=\"row-striping row-hover\">\n<tr class=\"row-2\">\n\t<td class=\"column-1\">Type de capteur<\/td><td class=\"column-2\">Cellule de charge type crochet (pour charges suspendues)<\/td>\n<\/tr>\n<tr class=\"row-3\">\n\t<td class=\"column-1\">Plage de mesure<\/td><td class=\"column-2\">0\u201350 kg \/ 0\u2013100 kg<\/td>\n<\/tr>\n<tr class=\"row-4\">\n\t<td class=\"column-1\">Pr\u00e9cision<\/td><td class=\"column-2\">\u00b10.02% FS (Pleine \u00e9chelle)<\/td>\n<\/tr>\n<tr class=\"row-5\">\n\t<td class=\"column-1\">Usage<\/td><td class=\"column-2\">Surveillance de l\u2019irrigation et fluctuations de masse du substrat<\/td>\n<\/tr>\n<tr class=\"row-6\">\n\t<td class=\"column-1\">Indice de protection<\/td><td class=\"column-2\">IP67 (\u00e9tanche et r\u00e9sistant \u00e0 la poussi\u00e8re)<\/td>\n<\/tr>\n<tr class=\"row-7\">\n\t<td class=\"column-1\">Connectivit\u00e9 sans fil<\/td><td class=\"column-2\">Radio bande ISM sub-GHz (Aranet)<\/td>\n<\/tr>\n<tr class=\"row-8\">\n\t<td class=\"column-1\">Alimentation<\/td><td class=\"column-2\">Batterie<\/td>\n<\/tr>\n<tr class=\"row-9\">\n\t<td class=\"column-1\">Compatibilit\u00e9<\/td><td class=\"column-2\">Station de base Aranet PRO<\/td>\n<\/tr>\n<\/tbody>\n<\/table>\n<!-- #tablepress-11 from cache -->\n\n<p><u\u00a0style=\"font-weight: bolder;=\"\" font-family:=\"\" var(--pagelayer-font-text-font-family);=\"\" font-size:=\"\"><\/u\u00a0style=\"font-weight:><\/p>\n\n\n\n\n<p>Lorem Ipsum has been the industry&#8217;s standard dummy text ever since the 1500s.<\/p>\n\n\n\n\n\n<h2>Capteur Poids du Substrat<\/h2>\n\n<p>Lorem Ipsum has been the industry&#8217;s standard dummy text ever since the 1500s.<\/p>\n\n<p>Measures weight using a hook-type load cell, ideal for suspended loads.&nbsp;Suitable for greenhouse environments to monitor substrate mass fluctuations related to irrigation.<\/p>\n\n<table id=\"tablepress-11-no-2\" class=\"tablepress tablepress-id-11\">\n<thead>\n<tr class=\"row-1\">\n\t<th colspan=\"2\" class=\"column-1\">Caract\u00e9ristiques<\/th>\n<\/tr>\n<\/thead>\n<tbody class=\"row-striping row-hover\">\n<tr class=\"row-2\">\n\t<td class=\"column-1\">Type de capteur<\/td><td class=\"column-2\">Cellule de charge type crochet (pour charges suspendues)<\/td>\n<\/tr>\n<tr class=\"row-3\">\n\t<td class=\"column-1\">Plage de mesure<\/td><td class=\"column-2\">0\u201350 kg \/ 0\u2013100 kg<\/td>\n<\/tr>\n<tr class=\"row-4\">\n\t<td class=\"column-1\">Pr\u00e9cision<\/td><td class=\"column-2\">\u00b10.02% FS (Pleine \u00e9chelle)<\/td>\n<\/tr>\n<tr class=\"row-5\">\n\t<td class=\"column-1\">Usage<\/td><td class=\"column-2\">Surveillance de l\u2019irrigation et fluctuations de masse du substrat<\/td>\n<\/tr>\n<tr class=\"row-6\">\n\t<td class=\"column-1\">Indice de protection<\/td><td class=\"column-2\">IP67 (\u00e9tanche et r\u00e9sistant \u00e0 la poussi\u00e8re)<\/td>\n<\/tr>\n<tr class=\"row-7\">\n\t<td class=\"column-1\">Connectivit\u00e9 sans fil<\/td><td class=\"column-2\">Radio bande ISM sub-GHz (Aranet)<\/td>\n<\/tr>\n<tr class=\"row-8\">\n\t<td class=\"column-1\">Alimentation<\/td><td class=\"column-2\">Batterie<\/td>\n<\/tr>\n<tr class=\"row-9\">\n\t<td class=\"column-1\">Compatibilit\u00e9<\/td><td class=\"column-2\">Station de base Aranet PRO<\/td>\n<\/tr>\n<\/tbody>\n<\/table>\n<!-- #tablepress-11-no-2 from cache -->\n\n<p><u\u00a0style=\"font-weight: bolder;=\"\" font-family:=\"\" var(--pagelayer-font-text-font-family);=\"\" font-size:=\"\"><\/u\u00a0style=\"font-weight:><\/p>","protected":false},"excerpt":{"rendered":"","protected":false},"author":2,"featured_media":0,"parent":1315,"menu_order":0,"comment_status":"closed","ping_status":"closed","template":"","meta":{"_siteseo_robots_primary_cat":"","pagelayer_contact_templates":[],"_pagelayer_content":"","_themeisle_gutenberg_block_has_review":false,"footnotes":""},"class_list":["post-1366","page","type-page","status-publish","hentry"],"jetpack_sharing_enabled":true,"_links":{"self":[{"href":"https:\/\/ceres.srl\/fr\/wp-json\/wp\/v2\/pages\/1366","targetHints":{"allow":["GET"]}}],"collection":[{"href":"https:\/\/ceres.srl\/fr\/wp-json\/wp\/v2\/pages"}],"about":[{"href":"https:\/\/ceres.srl\/fr\/wp-json\/wp\/v2\/types\/page"}],"author":[{"embeddable":true,"href":"https:\/\/ceres.srl\/fr\/wp-json\/wp\/v2\/users\/2"}],"replies":[{"embeddable":true,"href":"https:\/\/ceres.srl\/fr\/wp-json\/wp\/v2\/comments?post=1366"}],"version-history":[{"count":3,"href":"https:\/\/ceres.srl\/fr\/wp-json\/wp\/v2\/pages\/1366\/revisions"}],"predecessor-version":[{"id":1369,"href":"https:\/\/ceres.srl\/fr\/wp-json\/wp\/v2\/pages\/1366\/revisions\/1369"}],"up":[{"embeddable":true,"href":"https:\/\/ceres.srl\/fr\/wp-json\/wp\/v2\/pages\/1315"}],"wp:attachment":[{"href":"https:\/\/ceres.srl\/fr\/wp-json\/wp\/v2\/media?parent=1366"}],"curies":[{"name":"wp","href":"https:\/\/api.w.org\/{rel}","templated":true}]}}