{"id":1339,"date":"2026-05-05T14:02:56","date_gmt":"2026-05-05T13:02:56","guid":{"rendered":"https:\/\/ceres.srl\/?page_id=1339"},"modified":"2026-05-05T14:41:18","modified_gmt":"2026-05-05T13:41:18","slug":"t-rh-sensor-2","status":"publish","type":"page","link":"https:\/\/ceres.srl\/fr\/product\/sensors\/t-rh-sensor-2\/","title":{"rendered":"T-RH Sensor"},"content":{"rendered":"<h2>Capteur Temp\u00e9rature &amp; Humidit\u00e9 Relative<\/h2>\n<p>Mesure la temp\u00e9rature et l\u2019humidit\u00e9 relative de l\u2019environnement.<br data-start=\"147\" data-end=\"150\">\nPeut \u00eatre plac\u00e9 dans des conditions environnementales difficiles gr\u00e2ce \u00e0 son indice IP67.<br data-start=\"224\" data-end=\"227\">\nLe capteur est sans fil, aliment\u00e9 par batterie, et garantit une surveillance continue et fiable des donn\u00e9es.<\/p>\n\n<table id=\"tablepress-8\" class=\"tablepress tablepress-id-8\">\n<thead>\n<tr class=\"row-1\">\n\t<th colspan=\"2\" class=\"column-1\">Caract\u00e9ristiques<\/th>\n<\/tr>\n<\/thead>\n<tbody class=\"row-striping row-hover\">\n<tr class=\"row-2\">\n\t<td class=\"column-1\">Plage de mesure (Temp\u00e9rature)<\/td><td class=\"column-2\">-40 \u00b0C \u00e0 60 \u00b0C<\/td>\n<\/tr>\n<tr class=\"row-3\">\n\t<td class=\"column-1\">Pr\u00e9cision (Temp\u00e9rature)<\/td><td class=\"column-2\">\u00b10.3 \u00b0C<\/td>\n<\/tr>\n<tr class=\"row-4\">\n\t<td class=\"column-1\">Plage de mesure (Humidit\u00e9)<\/td><td class=\"column-2\">0% \u2013 100%<\/td>\n<\/tr>\n<tr class=\"row-5\">\n\t<td class=\"column-1\">Pr\u00e9cision (Humidit\u00e9)<\/td><td class=\"column-2\">\u00b12%<\/td>\n<\/tr>\n<tr class=\"row-6\">\n\t<td class=\"column-1\">Indice de protection<\/td><td class=\"column-2\">IP67 (\u00e9tanche et r\u00e9sistant \u00e0 la poussi\u00e8re)<\/td>\n<\/tr>\n<tr class=\"row-7\">\n\t<td class=\"column-1\">Connectivit\u00e9 sans fil<\/td><td class=\"column-2\">Radio bande ISM sub-GHz (Aranet)<\/td>\n<\/tr>\n<tr class=\"row-8\">\n\t<td class=\"column-1\">Alimentation<\/td><td class=\"column-2\">Batterie<\/td>\n<\/tr>\n<tr class=\"row-9\">\n\t<td class=\"column-1\">Compatibilit\u00e9<\/td><td class=\"column-2\">Station de base Aranet PRO<\/td>\n<\/tr>\n<\/tbody>\n<\/table>\n<!-- #tablepress-8 from cache -->\n\n<p><u\u00a0style=\"font-weight: bolder;=\"\" font-family:=\"\" var(--pagelayer-font-text-font-family);=\"\" font-size:=\"\"><\/u\u00a0style=\"font-weight:><\/p>\n\n\n\n\n<p>Lorem Ipsum has been the industry&#8217;s standard dummy text ever since the 1500s.<\/p>\n\n\n\n\n\n<h2>Capteur Temp\u00e9rature &amp; Humidit\u00e9 Relative<\/h2>\n\n<p>Lorem Ipsum has been the industry&#8217;s standard dummy text ever since the 1500s.<\/p>\n\n<p>Mesure la temp\u00e9rature et l\u2019humidit\u00e9 relative de l\u2019environnement.<br data-start=\"147\" data-end=\"150\">\nPeut \u00eatre plac\u00e9 dans des conditions environnementales difficiles gr\u00e2ce \u00e0 son indice IP67.<br data-start=\"224\" data-end=\"227\">\nLe capteur est sans fil, aliment\u00e9 par batterie, et garantit une surveillance continue et fiable des donn\u00e9es.<\/p>\n\n<table id=\"tablepress-8-no-2\" class=\"tablepress tablepress-id-8\">\n<thead>\n<tr class=\"row-1\">\n\t<th colspan=\"2\" class=\"column-1\">Caract\u00e9ristiques<\/th>\n<\/tr>\n<\/thead>\n<tbody class=\"row-striping row-hover\">\n<tr class=\"row-2\">\n\t<td class=\"column-1\">Plage de mesure (Temp\u00e9rature)<\/td><td class=\"column-2\">-40 \u00b0C \u00e0 60 \u00b0C<\/td>\n<\/tr>\n<tr class=\"row-3\">\n\t<td class=\"column-1\">Pr\u00e9cision (Temp\u00e9rature)<\/td><td class=\"column-2\">\u00b10.3 \u00b0C<\/td>\n<\/tr>\n<tr class=\"row-4\">\n\t<td class=\"column-1\">Plage de mesure (Humidit\u00e9)<\/td><td class=\"column-2\">0% \u2013 100%<\/td>\n<\/tr>\n<tr class=\"row-5\">\n\t<td class=\"column-1\">Pr\u00e9cision (Humidit\u00e9)<\/td><td class=\"column-2\">\u00b12%<\/td>\n<\/tr>\n<tr class=\"row-6\">\n\t<td class=\"column-1\">Indice de protection<\/td><td class=\"column-2\">IP67 (\u00e9tanche et r\u00e9sistant \u00e0 la poussi\u00e8re)<\/td>\n<\/tr>\n<tr class=\"row-7\">\n\t<td class=\"column-1\">Connectivit\u00e9 sans fil<\/td><td class=\"column-2\">Radio bande ISM sub-GHz (Aranet)<\/td>\n<\/tr>\n<tr class=\"row-8\">\n\t<td class=\"column-1\">Alimentation<\/td><td class=\"column-2\">Batterie<\/td>\n<\/tr>\n<tr class=\"row-9\">\n\t<td class=\"column-1\">Compatibilit\u00e9<\/td><td class=\"column-2\">Station de base Aranet PRO<\/td>\n<\/tr>\n<\/tbody>\n<\/table>\n<!-- #tablepress-8-no-2 from cache -->\n\n<p><u\u00a0style=\"font-weight: bolder;=\"\" font-family:=\"\" var(--pagelayer-font-text-font-family);=\"\" font-size:=\"\"><\/u\u00a0style=\"font-weight:><\/p>","protected":false},"excerpt":{"rendered":"","protected":false},"author":2,"featured_media":0,"parent":1315,"menu_order":0,"comment_status":"closed","ping_status":"closed","template":"","meta":{"_siteseo_robots_primary_cat":"","pagelayer_contact_templates":[],"_pagelayer_content":"","_themeisle_gutenberg_block_has_review":false,"footnotes":""},"class_list":["post-1339","page","type-page","status-publish","hentry"],"jetpack_sharing_enabled":true,"_links":{"self":[{"href":"https:\/\/ceres.srl\/fr\/wp-json\/wp\/v2\/pages\/1339","targetHints":{"allow":["GET"]}}],"collection":[{"href":"https:\/\/ceres.srl\/fr\/wp-json\/wp\/v2\/pages"}],"about":[{"href":"https:\/\/ceres.srl\/fr\/wp-json\/wp\/v2\/types\/page"}],"author":[{"embeddable":true,"href":"https:\/\/ceres.srl\/fr\/wp-json\/wp\/v2\/users\/2"}],"replies":[{"embeddable":true,"href":"https:\/\/ceres.srl\/fr\/wp-json\/wp\/v2\/comments?post=1339"}],"version-history":[{"count":5,"href":"https:\/\/ceres.srl\/fr\/wp-json\/wp\/v2\/pages\/1339\/revisions"}],"predecessor-version":[{"id":1344,"href":"https:\/\/ceres.srl\/fr\/wp-json\/wp\/v2\/pages\/1339\/revisions\/1344"}],"up":[{"embeddable":true,"href":"https:\/\/ceres.srl\/fr\/wp-json\/wp\/v2\/pages\/1315"}],"wp:attachment":[{"href":"https:\/\/ceres.srl\/fr\/wp-json\/wp\/v2\/media?parent=1339"}],"curies":[{"name":"wp","href":"https:\/\/api.w.org\/{rel}","templated":true}]}}