{"id":1243,"date":"2026-02-16T15:03:21","date_gmt":"2026-02-16T15:03:21","guid":{"rendered":"https:\/\/ceres.srl\/?page_id=1243"},"modified":"2026-02-16T15:23:35","modified_gmt":"2026-02-16T15:23:35","slug":"nets","status":"publish","type":"page","link":"https:\/\/ceres.srl\/fr\/product\/equipments\/nets\/","title":{"rendered":"Filets"},"content":{"rendered":"<h2>Filets<\/h2>\n<p>Fabriqu\u00e9s \u00e0 partir de mat\u00e9riaux durables,\nnos filets d\u2019ombrage et de protection contre\nles insectes r\u00e9duisent efficacement le stress\nthermique et prot\u00e8gent les plantes des ravageurs\nnuisibles, garantissant ainsi que vos cultures\nprosp\u00e8rent dans un environnement s\u00e9curis\u00e9 et\ncontr\u00f4l\u00e9.<\/p>\n\n<table id=\"tablepress-5\" class=\"tablepress tablepress-id-5\">\n<thead>\n<tr class=\"row-1\">\n\t<th class=\"column-1\">Produit<\/th><th class=\"column-2\">Type<\/th><th class=\"column-3\">Couleur<\/th>\n<\/tr>\n<\/thead>\n<tbody class=\"row-striping row-hover\">\n<tr class=\"row-2\">\n\t<td class=\"column-1\">Filet d'Ombrage<\/td><td class=\"column-2\">75%<\/td><td class=\"column-3\">Noir, Noir\/Vert, Blanc<\/td>\n<\/tr>\n<tr class=\"row-3\">\n\t<td class=\"column-1\">Filet d'Ombrage<\/td><td class=\"column-2\">50%<\/td><td class=\"column-3\">Noir, Noir\/Vert, Blanc<\/td>\n<\/tr>\n<tr class=\"row-4\">\n\t<td class=\"column-1\">Filet d'Ombrage<\/td><td class=\"column-2\">30%<\/td><td class=\"column-3\">Noir, Noir\/Vert, Blanc<\/td>\n<\/tr>\n<tr class=\"row-5\">\n\t<td class=\"column-1\">Anti-Thrips<\/td><td class=\"column-2\">0.25*0.75 mm<\/td><td class=\"column-3\">Blanc<\/td>\n<\/tr>\n<tr class=\"row-6\">\n\t<td class=\"column-1\">Filet Brise-Vent<\/td><td class=\"column-2\">6.00*6.00 mm<\/td><td class=\"column-3\">Noir<\/td>\n<\/tr>\n<\/tbody>\n<\/table>\n<!-- #tablepress-5 from cache -->\n\n<p><u\u00a0style=\"font-weight: bolder;=\"\" font-family:=\"\" var(--pagelayer-font-text-font-family);=\"\" font-size:=\"\"><\/u\u00a0style=\"font-weight:><\/p>\n\n\n\n<p>Lorem Ipsum has been the industry&#8217;s standard dummy text ever since the 1500s.<\/p>","protected":false},"excerpt":{"rendered":"","protected":false},"author":2,"featured_media":0,"parent":1206,"menu_order":0,"comment_status":"closed","ping_status":"closed","template":"","meta":{"_siteseo_robots_primary_cat":"","pagelayer_contact_templates":[],"_pagelayer_content":"","_themeisle_gutenberg_block_has_review":false,"footnotes":""},"class_list":["post-1243","page","type-page","status-publish","hentry"],"jetpack_sharing_enabled":true,"_links":{"self":[{"href":"https:\/\/ceres.srl\/fr\/wp-json\/wp\/v2\/pages\/1243","targetHints":{"allow":["GET"]}}],"collection":[{"href":"https:\/\/ceres.srl\/fr\/wp-json\/wp\/v2\/pages"}],"about":[{"href":"https:\/\/ceres.srl\/fr\/wp-json\/wp\/v2\/types\/page"}],"author":[{"embeddable":true,"href":"https:\/\/ceres.srl\/fr\/wp-json\/wp\/v2\/users\/2"}],"replies":[{"embeddable":true,"href":"https:\/\/ceres.srl\/fr\/wp-json\/wp\/v2\/comments?post=1243"}],"version-history":[{"count":6,"href":"https:\/\/ceres.srl\/fr\/wp-json\/wp\/v2\/pages\/1243\/revisions"}],"predecessor-version":[{"id":1252,"href":"https:\/\/ceres.srl\/fr\/wp-json\/wp\/v2\/pages\/1243\/revisions\/1252"}],"up":[{"embeddable":true,"href":"https:\/\/ceres.srl\/fr\/wp-json\/wp\/v2\/pages\/1206"}],"wp:attachment":[{"href":"https:\/\/ceres.srl\/fr\/wp-json\/wp\/v2\/media?parent=1243"}],"curies":[{"name":"wp","href":"https:\/\/api.w.org\/{rel}","templated":true}]}}