{"id":1106,"date":"2025-12-19T12:09:59","date_gmt":"2025-12-19T11:09:59","guid":{"rendered":"https:\/\/ceres.srl\/?page_id=1106"},"modified":"2025-12-19T12:57:22","modified_gmt":"2025-12-19T11:57:22","slug":"consulting","status":"publish","type":"page","link":"https:\/\/ceres.srl\/fr\/services-2\/consulting\/","title":{"rendered":"Consulting"},"content":{"rendered":"<h2>Consulting<\/h2>\n<h2><p class=\"MsoListParagraph\" style=\"text-indent:-18.0pt;mso-list:l0 level1 lfo1\"><span style=\"font-family:Symbol;mso-fareast-font-family:Symbol;mso-bidi-font-family:Symbol;mso-bidi-font-weight:bold\"><span style=\"font-variant-numeric: normal; font-variant-east-asian: normal; font-variant-alternates: normal; font-size-adjust: none; font-kerning: auto; font-optical-sizing: auto; font-feature-settings: normal; font-variation-settings: normal; font-variant-position: normal; font-variant-emoji: normal; font-weight: normal; font-stretch: normal; font-size: 7pt; line-height: normal; font-family: &quot;Times New Roman&quot;;\">&nbsp; &nbsp; &nbsp;&nbsp;<\/span><\/span><span style=\"color: rgb(0, 0, 0); font-size: 17px; font-weight: 400;\">Nos services de conseil sont con\u00e7us pour accompagner la prise de d\u00e9cision tout au long du cycle de production, que l\u2019objectif soit <\/span><strong style=\"color: rgb(0, 0, 0); font-size: 17px;\">d\u2019optimiser les pratiques culturales<\/strong><span style=\"color: rgb(0, 0, 0); font-size: 17px; font-weight: 400;\">, <\/span><strong style=\"color: rgb(0, 0, 0); font-size: 17px;\">d\u2019int\u00e9grer de nouvelles technologies<\/strong><span style=\"color: rgb(0, 0, 0); font-size: 17px; font-weight: 400;\">, ou d\u2019adapter les strat\u00e9gies de production aux exigences du march\u00e9.<\/span><\/p>\n\n<p class=\"MsoNormal\">Un accompagnement de consulting sur l\u2019ensemble du cycle de production peut inclure, selon les besoins de l\u2019exploitation :<\/p><\/h2>\n\n<ul type=\"disc\" style=\"padding: 0px; margin: 0cm 0px 0px; overflow-wrap: break-word; font-family: Mulish; font-size: 17px; line-height: 1.5 !important;\"><li class=\"MsoNormal\" style=\"padding: 0px; margin: 0px; overflow-wrap: break-word; line-height: 1.5 !important;\"><span style=\"padding: 0px; margin: 0px; overflow-wrap: break-word; line-height: 1.5 !important;\">La planification culturale<\/span>&nbsp;(correspondant aux d\u00e9cisions cl\u00e9s prises avant la plantation, telles que la densit\u00e9 de plantation, les dates de semis et de plantation, le choix du plastique, la pr\u00e9paration de la serre et la planification de la production)<\/li><\/ul>\n<ul type=\"disc\" style=\"padding: 0px; margin: 0cm 0px 0px; overflow-wrap: break-word; font-family: Mulish; font-size: 17px; line-height: 1.5 !important;\"><li class=\"MsoNormal\" style=\"padding: 0px; margin: 0px; overflow-wrap: break-word; line-height: 1.5 !important;\"><span style=\"padding: 0px; margin: 0px; overflow-wrap: break-word; line-height: 1.5 !important;\">La formulation de solutions nutritives<\/span>, adapt\u00e9es aux besoins des cultures et \u00e0 la qualit\u00e9 de l\u2019eau<\/li><\/ul>\n<ul type=\"disc\" style=\"padding: 0px; margin: 0cm 0px 0px; overflow-wrap: break-word; font-family: Mulish; font-size: 17px; line-height: 1.5 !important;\"><li class=\"MsoNormal\" style=\"padding: 0px; margin: 0px; overflow-wrap: break-word; line-height: 1.5 !important;\"><span style=\"padding: 0px; margin: 0px; overflow-wrap: break-word; line-height: 1.5 !important;\">Des visites r\u00e9guli\u00e8res sur site<\/span>, g\u00e9n\u00e9ralement hebdomadaires, appuy\u00e9es par des rapports techniques structur\u00e9s<\/li><\/ul>\n<ul type=\"disc\" style=\"padding: 0px; margin: 0cm 0px 0px; overflow-wrap: break-word; font-family: Mulish; font-size: 17px; line-height: 1.5 !important;\"><li class=\"MsoNormal\" style=\"padding: 0px; margin: 0px; overflow-wrap: break-word; line-height: 1.5 !important;\"><span style=\"padding: 0px; margin: 0px; overflow-wrap: break-word; line-height: 1.5 !important;\">Assistance&nbsp;<\/span>\u00e0 l\u2019installation des capteurs ainsi que l\u2019interpr\u00e9tation des donn\u00e9es collect\u00e9es<\/li><\/ul>\n<ul type=\"disc\" style=\"padding: 0px; margin: 0cm 0px 0px; overflow-wrap: break-word; font-family: Mulish; font-size: 17px; line-height: 1.5 !important;\"><li class=\"MsoNormal\" style=\"padding: 0px; margin: 0px; overflow-wrap: break-word; line-height: 1.5 !important;\"><span style=\"padding: 0px; margin: 0px; overflow-wrap: break-word; line-height: 1.5 !important;\">Un support technique continu via un help desk d\u00e9di\u00e9<\/span>, garantissant un suivi permanent<\/li><\/ul>\n\n\n\n\n\n\n\n\n\n\n\n<p>Lorem Ipsum has been the industry&#8217;s standard dummy text ever since the 1500s.<\/p>","protected":false},"excerpt":{"rendered":"","protected":false},"author":2,"featured_media":0,"parent":151,"menu_order":0,"comment_status":"closed","ping_status":"closed","template":"","meta":{"_siteseo_robots_primary_cat":"","pagelayer_contact_templates":[],"_pagelayer_content":"","_themeisle_gutenberg_block_has_review":false,"footnotes":""},"class_list":["post-1106","page","type-page","status-publish","hentry"],"jetpack_sharing_enabled":true,"_links":{"self":[{"href":"https:\/\/ceres.srl\/fr\/wp-json\/wp\/v2\/pages\/1106","targetHints":{"allow":["GET"]}}],"collection":[{"href":"https:\/\/ceres.srl\/fr\/wp-json\/wp\/v2\/pages"}],"about":[{"href":"https:\/\/ceres.srl\/fr\/wp-json\/wp\/v2\/types\/page"}],"author":[{"embeddable":true,"href":"https:\/\/ceres.srl\/fr\/wp-json\/wp\/v2\/users\/2"}],"replies":[{"embeddable":true,"href":"https:\/\/ceres.srl\/fr\/wp-json\/wp\/v2\/comments?post=1106"}],"version-history":[{"count":11,"href":"https:\/\/ceres.srl\/fr\/wp-json\/wp\/v2\/pages\/1106\/revisions"}],"predecessor-version":[{"id":1128,"href":"https:\/\/ceres.srl\/fr\/wp-json\/wp\/v2\/pages\/1106\/revisions\/1128"}],"up":[{"embeddable":true,"href":"https:\/\/ceres.srl\/fr\/wp-json\/wp\/v2\/pages\/151"}],"wp:attachment":[{"href":"https:\/\/ceres.srl\/fr\/wp-json\/wp\/v2\/media?parent=1106"}],"curies":[{"name":"wp","href":"https:\/\/api.w.org\/{rel}","templated":true}]}}