{"id":1102,"date":"2025-12-19T12:10:13","date_gmt":"2025-12-19T11:10:13","guid":{"rendered":"https:\/\/ceres.srl\/?page_id=1102"},"modified":"2025-12-19T12:11:33","modified_gmt":"2025-12-19T11:11:33","slug":"training","status":"publish","type":"page","link":"https:\/\/ceres.srl\/fr\/services-2\/training\/","title":{"rendered":"Formation"},"content":{"rendered":"<h2><span style=\"font-family: var(--pagelayer-font-primary-font-family); font-size: var(--pagelayer-font-primary-font-size); font-weight: var(--pagelayer-font-primary-font-weight);\">Formation Pratique<\/span><\/h2>\n<h2><p class=\"MsoListParagraph\" style=\"text-indent:-18.0pt;mso-list:l0 level1 lfo1\"><span style=\"font-family:Symbol;mso-fareast-font-family:Symbol;mso-bidi-font-family:Symbol;mso-bidi-font-weight:bold\"><span style=\"font-variant-numeric: normal; font-variant-east-asian: normal; font-variant-alternates: normal; font-size-adjust: none; font-kerning: auto; font-optical-sizing: auto; font-feature-settings: normal; font-variation-settings: normal; font-variant-position: normal; font-variant-emoji: normal; font-weight: normal; font-stretch: normal; font-size: 7pt; line-height: normal; font-family: &quot;Times New Roman&quot;;\"> &nbsp;&nbsp;<\/span><\/span><\/p><p data-start=\"219\" data-end=\"345\">Les programmes de formation sont con\u00e7us en fonction des objectifs sp\u00e9cifiqueset et du syst\u00e8me de production de chaque producteur.<\/p>\n<p data-start=\"352\" data-end=\"544\">Ils couvrent diverses th\u00e9matiques, allant des <strong data-start=\"392\" data-end=\"421\">pratiques culturales op\u00e9rationnelles<\/strong> destin\u00e9es aux \u00e9quipes terrain, jusqu\u2019\u00e0 <strong data-start=\"463\" data-end=\"494\">des formations techniques avanc\u00e9es<\/strong> d\u00e9di\u00e9es aux g\u00e9rants<\/p>\n<p data-start=\"551\" data-end=\"752\">Les modules avanc\u00e9s portent notamment sur <strong data-start=\"577\" data-end=\"595\">la nutrition<\/strong>, <strong data-start=\"597\" data-end=\"644\">l\u2019\u00e9laboration de strat\u00e9gies de conduite bas\u00e9es sur le Crop Registration<\/strong>, ainsi que sur <strong data-start=\"654\" data-end=\"749\">l\u2019interpr\u00e9tation et l\u2019analyse des donn\u00e9es issues des capteurs climatiques, d\u2019irrigation et agronomiques<\/strong>.<\/p>\n<p data-start=\"759\" data-end=\"980\">En combinant l\u2019exp\u00e9rience terrain, l\u2019exploitation de donn\u00e9es r\u00e9elles de production et des \u00e9tudes de cas appliqu\u00e9es, ces formations favorisent une prise de d\u00e9cision \u00e9clair\u00e9e, l\u2019am\u00e9lioration des performances culturales et l\u2019optimisation des syst\u00e8mes de production sous serre.<\/p><\/h2>\n\n\n\n\n\n\n\n\n\n\n\n<p>Lorem Ipsum has been the industry&#8217;s standard dummy text ever since the 1500s.<\/p>","protected":false},"excerpt":{"rendered":"","protected":false},"author":2,"featured_media":0,"parent":151,"menu_order":0,"comment_status":"closed","ping_status":"closed","template":"","meta":{"_siteseo_robots_primary_cat":"","pagelayer_contact_templates":[],"_pagelayer_content":"","_themeisle_gutenberg_block_has_review":false,"footnotes":""},"class_list":["post-1102","page","type-page","status-publish","hentry"],"jetpack_sharing_enabled":true,"_links":{"self":[{"href":"https:\/\/ceres.srl\/fr\/wp-json\/wp\/v2\/pages\/1102","targetHints":{"allow":["GET"]}}],"collection":[{"href":"https:\/\/ceres.srl\/fr\/wp-json\/wp\/v2\/pages"}],"about":[{"href":"https:\/\/ceres.srl\/fr\/wp-json\/wp\/v2\/types\/page"}],"author":[{"embeddable":true,"href":"https:\/\/ceres.srl\/fr\/wp-json\/wp\/v2\/users\/2"}],"replies":[{"embeddable":true,"href":"https:\/\/ceres.srl\/fr\/wp-json\/wp\/v2\/comments?post=1102"}],"version-history":[{"count":5,"href":"https:\/\/ceres.srl\/fr\/wp-json\/wp\/v2\/pages\/1102\/revisions"}],"predecessor-version":[{"id":1115,"href":"https:\/\/ceres.srl\/fr\/wp-json\/wp\/v2\/pages\/1102\/revisions\/1115"}],"up":[{"embeddable":true,"href":"https:\/\/ceres.srl\/fr\/wp-json\/wp\/v2\/pages\/151"}],"wp:attachment":[{"href":"https:\/\/ceres.srl\/fr\/wp-json\/wp\/v2\/media?parent=1102"}],"curies":[{"name":"wp","href":"https:\/\/api.w.org\/{rel}","templated":true}]}}